{"id":1951,"date":"2021-12-07T23:15:46","date_gmt":"2021-12-07T23:15:46","guid":{"rendered":"https:\/\/fisheriestoolkit.org\/accueil\/"},"modified":"2025-12-17T07:22:19","modified_gmt":"2025-12-17T07:22:19","slug":"accueil","status":"publish","type":"page","link":"https:\/\/fisheriestoolkit.org\/fr\/","title":{"rendered":"Accueil"},"content":{"rendered":"\t\t<div data-elementor-type=\"wp-page\" data-elementor-id=\"1951\" class=\"elementor elementor-1951 elementor-7\">\n\t\t\t\t\t\t<section class=\"elementor-section elementor-top-section elementor-element elementor-element-69f22b7 elementor-section-content-middle elementor-section-boxed elementor-section-height-default elementor-section-height-default\" data-id=\"69f22b7\" data-element_type=\"section\" data-e-type=\"section\" data-settings=\"{&quot;background_background&quot;:&quot;classic&quot;}\">\n\t\t\t\t\t\t\t<div class=\"elementor-background-overlay\"><\/div>\n\t\t\t\t\t\t\t<div class=\"elementor-container elementor-column-gap-default\">\n\t\t\t\t\t<div class=\"elementor-column elementor-col-100 elementor-top-column elementor-element elementor-element-24883e5\" data-id=\"24883e5\" data-element_type=\"column\" data-e-type=\"column\" data-settings=\"{&quot;background_background&quot;:&quot;classic&quot;}\">\n\t\t\t<div class=\"elementor-widget-wrap elementor-element-populated\">\n\t\t\t\t\t\t<div class=\"elementor-element elementor-element-9949225 elementor-widget elementor-widget-heading\" data-id=\"9949225\" data-element_type=\"widget\" data-e-type=\"widget\" data-widget_type=\"heading.default\">\n\t\t\t\t<div class=\"elementor-widget-container\">\n\t\t\t\t\t<h1 class=\"elementor-heading-title elementor-size-default\">Qu\u2019est-ce que le FishKit ?<\/h1>\t\t\t\t<\/div>\n\t\t\t\t<\/div>\n\t\t\t\t<div class=\"elementor-element elementor-element-72d30e5 elementor-widget-divider--view-line elementor-widget elementor-widget-divider\" data-id=\"72d30e5\" data-element_type=\"widget\" data-e-type=\"widget\" data-widget_type=\"divider.default\">\n\t\t\t\t<div class=\"elementor-widget-container\">\n\t\t\t\t\t\t\t<div class=\"elementor-divider\">\n\t\t\t<span class=\"elementor-divider-separator\">\n\t\t\t\t\t\t<\/span>\n\t\t<\/div>\n\t\t\t\t\t\t<\/div>\n\t\t\t\t<\/div>\n\t\t\t\t<div class=\"elementor-element elementor-element-700c1d0 elementor-widget elementor-widget-text-editor\" data-id=\"700c1d0\" data-element_type=\"widget\" data-e-type=\"widget\" data-widget_type=\"text-editor.default\">\n\t\t\t\t<div class=\"elementor-widget-container\">\n\t\t\t\t\t\t\t\t\t<p>Nous avons d\u00e9velopp\u00e9 le FishKit, un ensemble d\u2019outils logiciels, afin de relever le double d\u00e9fi qui limite la durabilit\u00e9 des p\u00eacheries \u00e0 petite \u00e9chelle : le manque de donn\u00e9es et le savoir-faire limit\u00e9 des dirigeants locaux pour utiliser les donn\u00e9es afin de concevoir et de mettre en \u0153uvre des plans de gestion. Le FishKit rend plus facile, plus rapide et plus intuitif pour les communaut\u00e9s c\u00f4ti\u00e8res la collecte et l\u2019analyse des donn\u00e9es et leurs transformation en interventions de gestion sp\u00e9cifiques qui ont fait leurs preuves pour la majorit\u00e9 des p\u00eacheries \u00e0 petite \u00e9chelle. L\u2019application de FishKit peut am\u00e9liorer la gestion des p\u00eaches dans les p\u00eacheries \u00e0 petite \u00e9chelle, prot\u00e9ger les \u00e9cosyst\u00e8mes oc\u00e9aniques tout en fournissant de la nourriture et des moyens de subsistance aux communaut\u00e9s c\u00f4ti\u00e8res.<\/p>\t\t\t\t\t\t\t\t<\/div>\n\t\t\t\t<\/div>\n\t\t\t\t\t<\/div>\n\t\t<\/div>\n\t\t\t\t\t<\/div>\n\t\t<\/section>\n\t\t\t\t<section class=\"elementor-section elementor-top-section elementor-element elementor-element-b52e33e elementor-section-content-middle elementor-section-boxed elementor-section-height-default elementor-section-height-default\" data-id=\"b52e33e\" data-element_type=\"section\" data-e-type=\"section\" data-settings=\"{&quot;background_background&quot;:&quot;classic&quot;}\">\n\t\t\t\t\t\t\t<div class=\"elementor-background-overlay\"><\/div>\n\t\t\t\t\t\t\t<div class=\"elementor-container elementor-column-gap-default\">\n\t\t\t\t\t<div class=\"elementor-column elementor-col-100 elementor-top-column elementor-element elementor-element-8181218\" data-id=\"8181218\" data-element_type=\"column\" data-e-type=\"column\" data-settings=\"{&quot;background_background&quot;:&quot;classic&quot;}\">\n\t\t\t<div class=\"elementor-widget-wrap elementor-element-populated\">\n\t\t\t\t\t\t<div class=\"elementor-element elementor-element-3cf3eb2 elementor-widget__width-inherit elementor-invisible elementor-widget elementor-widget-heading\" data-id=\"3cf3eb2\" data-element_type=\"widget\" data-e-type=\"widget\" data-settings=\"{&quot;_animation&quot;:&quot;fadeIn&quot;}\" data-widget_type=\"heading.default\">\n\t\t\t\t<div class=\"elementor-widget-container\">\n\t\t\t\t\t<h2 class=\"elementor-heading-title elementor-size-large\">Une v\u00e9ritable science, une action r\u00e9elle, en un rien de temps. <\/h2>\t\t\t\t<\/div>\n\t\t\t\t<\/div>\n\t\t\t\t<div class=\"elementor-element elementor-element-07dff45 elementor-align-center elementor-widget elementor-widget-button\" data-id=\"07dff45\" data-element_type=\"widget\" data-e-type=\"widget\" data-widget_type=\"button.default\">\n\t\t\t\t<div class=\"elementor-widget-container\">\n\t\t\t\t\t\t\t\t\t<div class=\"elementor-button-wrapper\">\n\t\t\t\t\t<a class=\"elementor-button elementor-button-link elementor-size-lg\" href=\"https:\/\/fisheriestoolkit.shinyapps.io\/FishKit\" target=\"_blank\">\n\t\t\t\t\t\t<span class=\"elementor-button-content-wrapper\">\n\t\t\t\t\t\t\t\t\t<span class=\"elementor-button-text\">ACC\u00c9DER \u00c0 L\u2019APPLI FISHKIT<\/span>\n\t\t\t\t\t<\/span>\n\t\t\t\t\t<\/a>\n\t\t\t\t<\/div>\n\t\t\t\t\t\t\t\t<\/div>\n\t\t\t\t<\/div>\n\t\t\t\t<div class=\"elementor-element elementor-element-39fc00f elementor-widget elementor-widget-spacer\" data-id=\"39fc00f\" data-element_type=\"widget\" data-e-type=\"widget\" data-widget_type=\"spacer.default\">\n\t\t\t\t<div class=\"elementor-widget-container\">\n\t\t\t\t\t\t\t<div class=\"elementor-spacer\">\n\t\t\t<div class=\"elementor-spacer-inner\"><\/div>\n\t\t<\/div>\n\t\t\t\t\t\t<\/div>\n\t\t\t\t<\/div>\n\t\t\t\t\t<\/div>\n\t\t<\/div>\n\t\t\t\t\t<\/div>\n\t\t<\/section>\n\t\t\t\t<section class=\"elementor-section elementor-top-section elementor-element elementor-element-2138d5ac elementor-section-content-middle elementor-section-boxed elementor-section-height-default elementor-section-height-default\" data-id=\"2138d5ac\" data-element_type=\"section\" data-e-type=\"section\" data-settings=\"{&quot;background_background&quot;:&quot;classic&quot;}\">\n\t\t\t\t\t\t<div class=\"elementor-container elementor-column-gap-default\">\n\t\t\t\t\t<div class=\"elementor-column elementor-col-50 elementor-top-column elementor-element elementor-element-1b20164f\" data-id=\"1b20164f\" data-element_type=\"column\" data-e-type=\"column\">\n\t\t\t<div class=\"elementor-widget-wrap elementor-element-populated\">\n\t\t\t\t\t\t<div class=\"elementor-element elementor-element-30b189a6 elementor-widget elementor-widget-heading\" data-id=\"30b189a6\" data-element_type=\"widget\" data-e-type=\"widget\" data-widget_type=\"heading.default\">\n\t\t\t\t<div class=\"elementor-widget-container\">\n\t\t\t\t\t<h1 class=\"elementor-heading-title elementor-size-large\">Size Limit Builder<\/h1>\t\t\t\t<\/div>\n\t\t\t\t<\/div>\n\t\t\t\t<div class=\"elementor-element elementor-element-45b055a elementor-widget-divider--view-line elementor-widget elementor-widget-divider\" data-id=\"45b055a\" data-element_type=\"widget\" data-e-type=\"widget\" data-widget_type=\"divider.default\">\n\t\t\t\t<div class=\"elementor-widget-container\">\n\t\t\t\t\t\t\t<div class=\"elementor-divider\">\n\t\t\t<span class=\"elementor-divider-separator\">\n\t\t\t\t\t\t<\/span>\n\t\t<\/div>\n\t\t\t\t\t\t<\/div>\n\t\t\t\t<\/div>\n\t\t\t\t<div class=\"elementor-element elementor-element-5cfc7509 elementor-widget elementor-widget-text-editor\" data-id=\"5cfc7509\" data-element_type=\"widget\" data-e-type=\"widget\" data-widget_type=\"text-editor.default\">\n\t\t\t\t<div class=\"elementor-widget-container\">\n\t\t\t\t\t\t\t\t\t<p>En utilisant les principes de biologie des p\u00eaches, \u00e9valuez les limites de taille en projetant le compromis entre le rendement de la p\u00eache et la sant\u00e9 de la population de poissons. <\/p>\t\t\t\t\t\t\t\t<\/div>\n\t\t\t\t<\/div>\n\t\t\t\t<div class=\"elementor-element elementor-element-67cec39 elementor-align-center elementor-widget elementor-widget-button\" data-id=\"67cec39\" data-element_type=\"widget\" data-e-type=\"widget\" data-widget_type=\"button.default\">\n\t\t\t\t<div class=\"elementor-widget-container\">\n\t\t\t\t\t\t\t\t\t<div class=\"elementor-button-wrapper\">\n\t\t\t\t\t<a class=\"elementor-button elementor-button-link elementor-size-lg\" href=\"https:\/\/fisheriestoolkit.org\/fr\/limites-de-taille\/\">\n\t\t\t\t\t\t<span class=\"elementor-button-content-wrapper\">\n\t\t\t\t\t\t\t\t\t<span class=\"elementor-button-text\">Explorer le Size Limit Builder<\/span>\n\t\t\t\t\t<\/span>\n\t\t\t\t\t<\/a>\n\t\t\t\t<\/div>\n\t\t\t\t\t\t\t\t<\/div>\n\t\t\t\t<\/div>\n\t\t\t\t\t<\/div>\n\t\t<\/div>\n\t\t\t\t<div class=\"elementor-column elementor-col-50 elementor-top-column elementor-element elementor-element-2a6e452b\" data-id=\"2a6e452b\" data-element_type=\"column\" data-e-type=\"column\">\n\t\t\t<div class=\"elementor-widget-wrap elementor-element-populated\">\n\t\t\t\t\t\t<div class=\"elementor-element elementor-element-10813945 elementor-invisible elementor-widget elementor-widget-image\" data-id=\"10813945\" data-element_type=\"widget\" data-e-type=\"widget\" data-settings=\"{&quot;_animation&quot;:&quot;fadeIn&quot;}\" data-widget_type=\"image.default\">\n\t\t\t\t<div class=\"elementor-widget-container\">\n\t\t\t\t\t\t\t\t\t\t\t\t\t\t\t<img fetchpriority=\"high\" decoding=\"async\" width=\"2017\" height=\"1544\" src=\"https:\/\/fisheriestoolkit.org\/wp-content\/uploads\/2021\/12\/IMG_6816.jpg\" class=\"attachment-2048x2048 size-2048x2048 wp-image-187\" alt=\"\" srcset=\"https:\/\/fisheriestoolkit.org\/wp-content\/uploads\/2021\/12\/IMG_6816.jpg 2017w, https:\/\/fisheriestoolkit.org\/wp-content\/uploads\/2021\/12\/IMG_6816-300x230.jpg 300w, https:\/\/fisheriestoolkit.org\/wp-content\/uploads\/2021\/12\/IMG_6816-1024x784.jpg 1024w, https:\/\/fisheriestoolkit.org\/wp-content\/uploads\/2021\/12\/IMG_6816-768x588.jpg 768w, https:\/\/fisheriestoolkit.org\/wp-content\/uploads\/2021\/12\/IMG_6816-1536x1176.jpg 1536w, https:\/\/fisheriestoolkit.org\/wp-content\/uploads\/2021\/12\/IMG_6816-500x383.jpg 500w, https:\/\/fisheriestoolkit.org\/wp-content\/uploads\/2021\/12\/IMG_6816-800x612.jpg 800w, https:\/\/fisheriestoolkit.org\/wp-content\/uploads\/2021\/12\/IMG_6816-1280x980.jpg 1280w, https:\/\/fisheriestoolkit.org\/wp-content\/uploads\/2021\/12\/IMG_6816-1920x1470.jpg 1920w\" sizes=\"(max-width: 2017px) 100vw, 2017px\" \/>\t\t\t\t\t\t\t\t\t\t\t\t\t\t\t<\/div>\n\t\t\t\t<\/div>\n\t\t\t\t\t<\/div>\n\t\t<\/div>\n\t\t\t\t\t<\/div>\n\t\t<\/section>\n\t\t\t\t<section class=\"elementor-section elementor-top-section elementor-element elementor-element-66f0bcfc elementor-section-content-middle elementor-reverse-mobile elementor-section-boxed elementor-section-height-default elementor-section-height-default\" data-id=\"66f0bcfc\" data-element_type=\"section\" data-e-type=\"section\" data-settings=\"{&quot;background_background&quot;:&quot;classic&quot;}\">\n\t\t\t\t\t\t\t<div class=\"elementor-background-overlay\"><\/div>\n\t\t\t\t\t\t\t<div class=\"elementor-container elementor-column-gap-default\">\n\t\t\t\t\t<div class=\"elementor-column elementor-col-50 elementor-top-column elementor-element elementor-element-68bff75c\" data-id=\"68bff75c\" data-element_type=\"column\" data-e-type=\"column\">\n\t\t\t<div class=\"elementor-widget-wrap elementor-element-populated\">\n\t\t\t\t\t\t<div class=\"elementor-element elementor-element-19625100 elementor-widget__width-auto elementor-invisible elementor-widget elementor-widget-image\" data-id=\"19625100\" data-element_type=\"widget\" data-e-type=\"widget\" data-settings=\"{&quot;_animation&quot;:&quot;fadeIn&quot;}\" data-widget_type=\"image.default\">\n\t\t\t\t<div class=\"elementor-widget-container\">\n\t\t\t\t\t\t\t\t\t\t\t\t<figure class=\"wp-caption\">\n\t\t\t\t\t\t\t\t\t\t<img decoding=\"async\" width=\"2560\" height=\"1707\" src=\"https:\/\/fisheriestoolkit.org\/wp-content\/uploads\/2022\/01\/shutterstock_1727807074_Schooling-Jack-Fish-in-blue-water.-Underwater-image-taken-scuba-diving-in-Indonesia_Serge-UWPhoto-scaled.jpg\" class=\"attachment-full size-full wp-image-625\" alt=\"A large school of jack in blue water taken by a scuba diver\" srcset=\"https:\/\/fisheriestoolkit.org\/wp-content\/uploads\/2022\/01\/shutterstock_1727807074_Schooling-Jack-Fish-in-blue-water.-Underwater-image-taken-scuba-diving-in-Indonesia_Serge-UWPhoto-scaled.jpg 2560w, https:\/\/fisheriestoolkit.org\/wp-content\/uploads\/2022\/01\/shutterstock_1727807074_Schooling-Jack-Fish-in-blue-water.-Underwater-image-taken-scuba-diving-in-Indonesia_Serge-UWPhoto-300x200.jpg 300w, https:\/\/fisheriestoolkit.org\/wp-content\/uploads\/2022\/01\/shutterstock_1727807074_Schooling-Jack-Fish-in-blue-water.-Underwater-image-taken-scuba-diving-in-Indonesia_Serge-UWPhoto-1024x683.jpg 1024w, https:\/\/fisheriestoolkit.org\/wp-content\/uploads\/2022\/01\/shutterstock_1727807074_Schooling-Jack-Fish-in-blue-water.-Underwater-image-taken-scuba-diving-in-Indonesia_Serge-UWPhoto-768x512.jpg 768w, https:\/\/fisheriestoolkit.org\/wp-content\/uploads\/2022\/01\/shutterstock_1727807074_Schooling-Jack-Fish-in-blue-water.-Underwater-image-taken-scuba-diving-in-Indonesia_Serge-UWPhoto-1536x1024.jpg 1536w, https:\/\/fisheriestoolkit.org\/wp-content\/uploads\/2022\/01\/shutterstock_1727807074_Schooling-Jack-Fish-in-blue-water.-Underwater-image-taken-scuba-diving-in-Indonesia_Serge-UWPhoto-2048x1365.jpg 2048w, https:\/\/fisheriestoolkit.org\/wp-content\/uploads\/2022\/01\/shutterstock_1727807074_Schooling-Jack-Fish-in-blue-water.-Underwater-image-taken-scuba-diving-in-Indonesia_Serge-UWPhoto-500x333.jpg 500w, https:\/\/fisheriestoolkit.org\/wp-content\/uploads\/2022\/01\/shutterstock_1727807074_Schooling-Jack-Fish-in-blue-water.-Underwater-image-taken-scuba-diving-in-Indonesia_Serge-UWPhoto-800x533.jpg 800w, https:\/\/fisheriestoolkit.org\/wp-content\/uploads\/2022\/01\/shutterstock_1727807074_Schooling-Jack-Fish-in-blue-water.-Underwater-image-taken-scuba-diving-in-Indonesia_Serge-UWPhoto-1280x853.jpg 1280w, https:\/\/fisheriestoolkit.org\/wp-content\/uploads\/2022\/01\/shutterstock_1727807074_Schooling-Jack-Fish-in-blue-water.-Underwater-image-taken-scuba-diving-in-Indonesia_Serge-UWPhoto-1920x1280.jpg 1920w\" sizes=\"(max-width: 2560px) 100vw, 2560px\" \/>\t\t\t\t\t\t\t\t\t\t\t<figcaption class=\"widget-image-caption wp-caption-text\"><\/figcaption>\n\t\t\t\t\t\t\t\t\t\t<\/figure>\n\t\t\t\t\t\t\t\t\t<\/div>\n\t\t\t\t<\/div>\n\t\t\t\t\t<\/div>\n\t\t<\/div>\n\t\t\t\t<div class=\"elementor-column elementor-col-50 elementor-top-column elementor-element elementor-element-53846a50\" data-id=\"53846a50\" data-element_type=\"column\" data-e-type=\"column\">\n\t\t\t<div class=\"elementor-widget-wrap elementor-element-populated\">\n\t\t\t\t\t\t<div class=\"elementor-element elementor-element-2b176957 elementor-widget elementor-widget-heading\" data-id=\"2b176957\" data-element_type=\"widget\" data-e-type=\"widget\" data-widget_type=\"heading.default\">\n\t\t\t\t<div class=\"elementor-widget-container\">\n\t\t\t\t\t<h3 class=\"elementor-heading-title elementor-size-large\">Stock Health Tracker<\/h3>\t\t\t\t<\/div>\n\t\t\t\t<\/div>\n\t\t\t\t<div class=\"elementor-element elementor-element-11382341 elementor-widget-divider--view-line elementor-widget elementor-widget-divider\" data-id=\"11382341\" data-element_type=\"widget\" data-e-type=\"widget\" data-widget_type=\"divider.default\">\n\t\t\t\t<div class=\"elementor-widget-container\">\n\t\t\t\t\t\t\t<div class=\"elementor-divider\">\n\t\t\t<span class=\"elementor-divider-separator\">\n\t\t\t\t\t\t<\/span>\n\t\t<\/div>\n\t\t\t\t\t\t<\/div>\n\t\t\t\t<\/div>\n\t\t\t\t<div class=\"elementor-element elementor-element-62e0a398 elementor-widget elementor-widget-text-editor\" data-id=\"62e0a398\" data-element_type=\"widget\" data-e-type=\"widget\" data-widget_type=\"text-editor.default\">\n\t\t\t\t<div class=\"elementor-widget-container\">\n\t\t\t\t\t\t\t\t\t<p>T\u00e9l\u00e9chargez les donn\u00e9es de longueur de votre p\u00eache pour comprendre vos prises et leurs cons\u00e9quences sur la sant\u00e9 \u00e0 long terme de votre p\u00eache.<\/p>\t\t\t\t\t\t\t\t<\/div>\n\t\t\t\t<\/div>\n\t\t\t\t<div class=\"elementor-element elementor-element-918470c elementor-align-center elementor-widget elementor-widget-button\" data-id=\"918470c\" data-element_type=\"widget\" data-e-type=\"widget\" data-widget_type=\"button.default\">\n\t\t\t\t<div class=\"elementor-widget-container\">\n\t\t\t\t\t\t\t\t\t<div class=\"elementor-button-wrapper\">\n\t\t\t\t\t<a class=\"elementor-button elementor-button-link elementor-size-lg\" href=\"https:\/\/fisheriestoolkit.org\/fr\/evaluation-fondee-sur-la-longueur\/\">\n\t\t\t\t\t\t<span class=\"elementor-button-content-wrapper\">\n\t\t\t\t\t\t\t\t\t<span class=\"elementor-button-text\">Explorer le Stock Health Tracker<\/span>\n\t\t\t\t\t<\/span>\n\t\t\t\t\t<\/a>\n\t\t\t\t<\/div>\n\t\t\t\t\t\t\t\t<\/div>\n\t\t\t\t<\/div>\n\t\t\t\t\t<\/div>\n\t\t<\/div>\n\t\t\t\t\t<\/div>\n\t\t<\/section>\n\t\t\t\t<section class=\"elementor-section elementor-top-section elementor-element elementor-element-57d686f elementor-section-content-middle elementor-section-boxed elementor-section-height-default elementor-section-height-default\" data-id=\"57d686f\" data-element_type=\"section\" data-e-type=\"section\" data-settings=\"{&quot;background_background&quot;:&quot;classic&quot;}\">\n\t\t\t\t\t\t<div class=\"elementor-container elementor-column-gap-default\">\n\t\t\t\t\t<div class=\"elementor-column elementor-col-50 elementor-top-column elementor-element elementor-element-80af49d\" data-id=\"80af49d\" data-element_type=\"column\" data-e-type=\"column\">\n\t\t\t<div class=\"elementor-widget-wrap elementor-element-populated\">\n\t\t\t\t\t\t<div class=\"elementor-element elementor-element-69cf317 elementor-widget elementor-widget-heading\" data-id=\"69cf317\" data-element_type=\"widget\" data-e-type=\"widget\" data-widget_type=\"heading.default\">\n\t\t\t\t<div class=\"elementor-widget-container\">\n\t\t\t\t\t<h3 class=\"elementor-heading-title elementor-size-large\">R\u00e9f\u00e9rentiel de cycle biologique<\/h3>\t\t\t\t<\/div>\n\t\t\t\t<\/div>\n\t\t\t\t<div class=\"elementor-element elementor-element-de9afe6 elementor-widget-divider--view-line elementor-widget elementor-widget-divider\" data-id=\"de9afe6\" data-element_type=\"widget\" data-e-type=\"widget\" data-widget_type=\"divider.default\">\n\t\t\t\t<div class=\"elementor-widget-container\">\n\t\t\t\t\t\t\t<div class=\"elementor-divider\">\n\t\t\t<span class=\"elementor-divider-separator\">\n\t\t\t\t\t\t<\/span>\n\t\t<\/div>\n\t\t\t\t\t\t<\/div>\n\t\t\t\t<\/div>\n\t\t\t\t<div class=\"elementor-element elementor-element-3de58f1 elementor-widget elementor-widget-text-editor\" data-id=\"3de58f1\" data-element_type=\"widget\" data-e-type=\"widget\" data-widget_type=\"text-editor.default\">\n\t\t\t\t<div class=\"elementor-widget-container\">\n\t\t\t\t\t\t\t\t\t<p>Ici, avec une certaine compr\u00e9hension de la science halieutique et les meilleures donn\u00e9es disponibles, vous pouvez \u00e9tablir des cycles biologiques pour les esp\u00e8ces qui vous int\u00e9ressent. Ces informations peuvent ensuite \u00eatre utilis\u00e9es dans le Size Limit Builder et le Stock Health Tracker.<\/p>\t\t\t\t\t\t\t\t<\/div>\n\t\t\t\t<\/div>\n\t\t\t\t<div class=\"elementor-element elementor-element-a545b43 elementor-align-center elementor-widget elementor-widget-button\" data-id=\"a545b43\" data-element_type=\"widget\" data-e-type=\"widget\" data-widget_type=\"button.default\">\n\t\t\t\t<div class=\"elementor-widget-container\">\n\t\t\t\t\t\t\t\t\t<div class=\"elementor-button-wrapper\">\n\t\t\t\t\t<a class=\"elementor-button elementor-button-link elementor-size-lg\" href=\"https:\/\/fisheriestoolkit.org\/fr\/cycle-biologique\/\">\n\t\t\t\t\t\t<span class=\"elementor-button-content-wrapper\">\n\t\t\t\t\t\t\t\t\t<span class=\"elementor-button-text\">Explorer le r\u00e9f\u00e9rentiel de cycle biologique<\/span>\n\t\t\t\t\t<\/span>\n\t\t\t\t\t<\/a>\n\t\t\t\t<\/div>\n\t\t\t\t\t\t\t\t<\/div>\n\t\t\t\t<\/div>\n\t\t\t\t\t<\/div>\n\t\t<\/div>\n\t\t\t\t<div class=\"elementor-column elementor-col-50 elementor-top-column elementor-element elementor-element-c6edaa4\" data-id=\"c6edaa4\" data-element_type=\"column\" data-e-type=\"column\">\n\t\t\t<div class=\"elementor-widget-wrap elementor-element-populated\">\n\t\t\t\t\t\t<div class=\"elementor-element elementor-element-4da5d2a elementor-invisible elementor-widget elementor-widget-image\" data-id=\"4da5d2a\" data-element_type=\"widget\" data-e-type=\"widget\" data-settings=\"{&quot;_animation&quot;:&quot;fadeIn&quot;}\" data-widget_type=\"image.default\">\n\t\t\t\t<div class=\"elementor-widget-container\">\n\t\t\t\t\t\t\t\t\t\t\t\t\t\t\t<img decoding=\"async\" width=\"2323\" height=\"1388\" src=\"https:\/\/fisheriestoolkit.org\/wp-content\/uploads\/2022\/01\/pexels-energepiccom-3650159-scaled-e1643217602591.jpg\" class=\"attachment-full size-full wp-image-821\" alt=\"Caught fish on ice\" srcset=\"https:\/\/fisheriestoolkit.org\/wp-content\/uploads\/2022\/01\/pexels-energepiccom-3650159-scaled-e1643217602591.jpg 2323w, https:\/\/fisheriestoolkit.org\/wp-content\/uploads\/2022\/01\/pexels-energepiccom-3650159-scaled-e1643217602591-300x179.jpg 300w, https:\/\/fisheriestoolkit.org\/wp-content\/uploads\/2022\/01\/pexels-energepiccom-3650159-scaled-e1643217602591-1024x612.jpg 1024w, https:\/\/fisheriestoolkit.org\/wp-content\/uploads\/2022\/01\/pexels-energepiccom-3650159-scaled-e1643217602591-768x459.jpg 768w, https:\/\/fisheriestoolkit.org\/wp-content\/uploads\/2022\/01\/pexels-energepiccom-3650159-scaled-e1643217602591-1536x918.jpg 1536w, https:\/\/fisheriestoolkit.org\/wp-content\/uploads\/2022\/01\/pexels-energepiccom-3650159-scaled-e1643217602591-2048x1224.jpg 2048w, https:\/\/fisheriestoolkit.org\/wp-content\/uploads\/2022\/01\/pexels-energepiccom-3650159-scaled-e1643217602591-500x299.jpg 500w, https:\/\/fisheriestoolkit.org\/wp-content\/uploads\/2022\/01\/pexels-energepiccom-3650159-scaled-e1643217602591-800x478.jpg 800w, https:\/\/fisheriestoolkit.org\/wp-content\/uploads\/2022\/01\/pexels-energepiccom-3650159-scaled-e1643217602591-1280x765.jpg 1280w, https:\/\/fisheriestoolkit.org\/wp-content\/uploads\/2022\/01\/pexels-energepiccom-3650159-scaled-e1643217602591-1920x1147.jpg 1920w\" sizes=\"(max-width: 2323px) 100vw, 2323px\" \/>\t\t\t\t\t\t\t\t\t\t\t\t\t\t\t<\/div>\n\t\t\t\t<\/div>\n\t\t\t\t\t<\/div>\n\t\t<\/div>\n\t\t\t\t\t<\/div>\n\t\t<\/section>\n\t\t\t\t<\/div>\n\t\t","protected":false},"excerpt":{"rendered":"<p>Qu\u2019est-ce que le FishKit ? Nous avons d\u00e9velopp\u00e9 le FishKit, un ensemble d\u2019outils logiciels, afin de relever le double d\u00e9fi qui limite la durabilit\u00e9 des p\u00eacheries \u00e0 petite \u00e9chelle : le manque de donn\u00e9es et le savoir-faire limit\u00e9 des dirigeants locaux pour utiliser les donn\u00e9es afin de concevoir et de mettre en \u0153uvre des plans [&hellip;]<\/p>\n","protected":false},"author":11,"featured_media":0,"parent":0,"menu_order":0,"comment_status":"closed","ping_status":"closed","template":"elementor_header_footer","meta":{"_acf_changed":false,"inline_featured_image":false,"_monsterinsights_skip_tracking":false,"_monsterinsights_sitenote_active":false,"_monsterinsights_sitenote_note":"","_monsterinsights_sitenote_category":0,"ocean_post_layout":"","ocean_both_sidebars_style":"","ocean_both_sidebars_content_width":0,"ocean_both_sidebars_sidebars_width":0,"ocean_sidebar":"0","ocean_second_sidebar":"0","ocean_disable_margins":"enable","ocean_add_body_class":"","ocean_shortcode_before_top_bar":"","ocean_shortcode_after_top_bar":"","ocean_shortcode_before_header":"","ocean_shortcode_after_header":"","ocean_has_shortcode":"","ocean_shortcode_after_title":"","ocean_shortcode_before_footer_widgets":"","ocean_shortcode_after_footer_widgets":"","ocean_shortcode_before_footer_bottom":"","ocean_shortcode_after_footer_bottom":"","ocean_display_top_bar":"default","ocean_display_header":"default","ocean_header_style":"","ocean_center_header_left_menu":"0","ocean_custom_header_template":"0","ocean_custom_logo":0,"ocean_custom_retina_logo":0,"ocean_custom_logo_max_width":0,"ocean_custom_logo_tablet_max_width":0,"ocean_custom_logo_mobile_max_width":0,"ocean_custom_logo_max_height":0,"ocean_custom_logo_tablet_max_height":0,"ocean_custom_logo_mobile_max_height":0,"ocean_header_custom_menu":"0","ocean_menu_typo_font_family":"0","ocean_menu_typo_font_subset":"","ocean_menu_typo_font_size":0,"ocean_menu_typo_font_size_tablet":0,"ocean_menu_typo_font_size_mobile":0,"ocean_menu_typo_font_size_unit":"px","ocean_menu_typo_font_weight":"","ocean_menu_typo_font_weight_tablet":"","ocean_menu_typo_font_weight_mobile":"","ocean_menu_typo_transform":"","ocean_menu_typo_transform_tablet":"","ocean_menu_typo_transform_mobile":"","ocean_menu_typo_line_height":0,"ocean_menu_typo_line_height_tablet":0,"ocean_menu_typo_line_height_mobile":0,"ocean_menu_typo_line_height_unit":"","ocean_menu_typo_spacing":0,"ocean_menu_typo_spacing_tablet":0,"ocean_menu_typo_spacing_mobile":0,"ocean_menu_typo_spacing_unit":"","ocean_menu_link_color":"","ocean_menu_link_color_hover":"","ocean_menu_link_color_active":"","ocean_menu_link_background":"","ocean_menu_link_hover_background":"","ocean_menu_link_active_background":"","ocean_menu_social_links_bg":"","ocean_menu_social_hover_links_bg":"","ocean_menu_social_links_color":"","ocean_menu_social_hover_links_color":"","ocean_disable_title":"default","ocean_disable_heading":"default","ocean_post_title":"","ocean_post_subheading":"","ocean_post_title_style":"","ocean_post_title_background_color":"","ocean_post_title_background":0,"ocean_post_title_bg_image_position":"","ocean_post_title_bg_image_attachment":"","ocean_post_title_bg_image_repeat":"","ocean_post_title_bg_image_size":"","ocean_post_title_height":0,"ocean_post_title_bg_overlay":0.5,"ocean_post_title_bg_overlay_color":"","ocean_disable_breadcrumbs":"default","ocean_breadcrumbs_color":"","ocean_breadcrumbs_separator_color":"","ocean_breadcrumbs_links_color":"","ocean_breadcrumbs_links_hover_color":"","ocean_display_footer_widgets":"default","ocean_display_footer_bottom":"default","ocean_custom_footer_template":"0","_vp_format_video_url":"","_vp_image_focal_point":[],"footnotes":""},"class_list":["post-1951","page","type-page","status-publish","hentry","entry"],"acf":[],"aioseo_notices":[],"_links":{"self":[{"href":"https:\/\/fisheriestoolkit.org\/fr\/wp-json\/wp\/v2\/pages\/1951","targetHints":{"allow":["GET"]}}],"collection":[{"href":"https:\/\/fisheriestoolkit.org\/fr\/wp-json\/wp\/v2\/pages"}],"about":[{"href":"https:\/\/fisheriestoolkit.org\/fr\/wp-json\/wp\/v2\/types\/page"}],"author":[{"embeddable":true,"href":"https:\/\/fisheriestoolkit.org\/fr\/wp-json\/wp\/v2\/users\/11"}],"replies":[{"embeddable":true,"href":"https:\/\/fisheriestoolkit.org\/fr\/wp-json\/wp\/v2\/comments?post=1951"}],"version-history":[{"count":0,"href":"https:\/\/fisheriestoolkit.org\/fr\/wp-json\/wp\/v2\/pages\/1951\/revisions"}],"wp:attachment":[{"href":"https:\/\/fisheriestoolkit.org\/fr\/wp-json\/wp\/v2\/media?parent=1951"}],"curies":[{"name":"wp","href":"https:\/\/api.w.org\/{rel}","templated":true}]}}